{"id":45,"date":"2022-07-22T09:27:01","date_gmt":"2022-07-22T09:27:01","guid":{"rendered":"https:\/\/winetastingljubljana.com\/?page_id=45"},"modified":"2023-03-21T16:51:32","modified_gmt":"2023-03-21T16:51:32","slug":"uber-uns","status":"publish","type":"page","link":"https:\/\/winetastingljubljana.com\/de\/uber-uns\/","title":{"rendered":"\u00dcber uns"},"content":{"rendered":"<h2 class=\"wp-block-heading\">Treffen Sie das Team<\/h2>\n\n\n\n<p>Das Team hinter den Weinverkostungen und Weinerlebnissen! Uns alle verbindet die Liebe zum Wein und wir tun immer unser Bestes, um Ihnen das Beste aus unserer kleinen slowenischen Weinwelt zu bieten - auch wenn sie von der Gr\u00f6\u00dfe her klein ist, werden Sie die Gr\u00f6\u00dfe in jedem einzelnen Glas Wein schmecken! \ud83d\ude42<\/p>","protected":false},"excerpt":{"rendered":"<p>Treffen Sie das Team Das Team hinter den Weinverkostungen und Weinerlebnissen! Wir sind alle durch unsere Liebe zum Wein verbunden und tun immer unser Bestes, um Ihnen das Beste aus unserer kleinen slowenischen Weinwelt zu bieten - obwohl sie klein ist, werden Sie die Gr\u00f6\u00dfe in jedem einzelnen Glas schmecken... <a href=\"https:\/\/winetastingljubljana.com\/de\/uber-uns\/\">Fortsetzung<\/a><\/p>","protected":false},"author":45,"featured_media":780,"parent":0,"menu_order":0,"comment_status":"closed","ping_status":"closed","template":"","meta":{"_acf_changed":false,"footnotes":""},"class_list":["post-45","page","type-page","status-publish","has-post-thumbnail","hentry"],"acf":{"page_subheading":"Get to know the team behind Wine Tasting Ljubljana and meet the people who are making your wine experience in the capital of Slovenia unforgettable."},"_links":{"self":[{"href":"https:\/\/winetastingljubljana.com\/de\/wp-json\/wp\/v2\/pages\/45","targetHints":{"allow":["GET"]}}],"collection":[{"href":"https:\/\/winetastingljubljana.com\/de\/wp-json\/wp\/v2\/pages"}],"about":[{"href":"https:\/\/winetastingljubljana.com\/de\/wp-json\/wp\/v2\/types\/page"}],"author":[{"embeddable":true,"href":"https:\/\/winetastingljubljana.com\/de\/wp-json\/wp\/v2\/users\/45"}],"replies":[{"embeddable":true,"href":"https:\/\/winetastingljubljana.com\/de\/wp-json\/wp\/v2\/comments?post=45"}],"version-history":[{"count":14,"href":"https:\/\/winetastingljubljana.com\/de\/wp-json\/wp\/v2\/pages\/45\/revisions"}],"predecessor-version":[{"id":826,"href":"https:\/\/winetastingljubljana.com\/de\/wp-json\/wp\/v2\/pages\/45\/revisions\/826"}],"wp:featuredmedia":[{"embeddable":true,"href":"https:\/\/winetastingljubljana.com\/de\/wp-json\/wp\/v2\/media\/780"}],"wp:attachment":[{"href":"https:\/\/winetastingljubljana.com\/de\/wp-json\/wp\/v2\/media?parent=45"}],"curies":[{"name":"wp","href":"https:\/\/api.w.org\/{rel}","templated":true}]}}