{"id":57,"date":"2022-07-22T09:34:46","date_gmt":"2022-07-22T09:34:46","guid":{"rendered":"https:\/\/winetastingljubljana.com\/?page_id=57"},"modified":"2023-09-27T08:55:47","modified_gmt":"2023-09-27T08:55:47","slug":"geschenkgutschein","status":"publish","type":"page","link":"https:\/\/winetastingljubljana.com\/de\/geschenkgutschein\/","title":{"rendered":"Geschenkgutschein"},"content":{"rendered":"<p>\u00dcberraschen Sie jemanden, der gerne Wein trinkt, mit einer Weinverkostung in Ljubljana.<\/p>\n\n\n\n<p>Der Gutschein ist 6 Monate lang g\u00fcltig und der Empf\u00e4nger kann ihn zu einem beliebigen Zeitpunkt einl\u00f6sen.<\/p>\n\n\n\n<p><strong>Preis: 55\u20ac pro Person<\/strong><\/p>\n\n\n\n<p><strong>F\u00fcllen Sie das Formular aus oder rufen Sie uns an unter 00 386 41 90 50 70. Sie k\u00f6nnen Ihren Gutschein sofort nach Ihrem Kauf erhalten.<\/strong><\/p>\n\n\n\n<p>Wir k\u00f6nnen Ihnen einen Geschenkgutschein per Post oder per E-Mail schicken, damit Sie ihn selbst ausdrucken k\u00f6nnen, oder Sie k\u00f6nnen ihn pers\u00f6nlich in unserem B\u00fcro im Stadtzentrum von Ljubljana abholen.<\/p>\n\n\n\n<p>*Wenn Sie sich f\u00fcr die Zahlung per Kreditkarte entscheiden, senden wir Ihnen separat einen Zahlungslink zu.<\/p>","protected":false},"excerpt":{"rendered":"<p>\u00dcberraschen Sie jemanden, der gerne Wein trinkt, mit einem Gutschein f\u00fcr eine Weinprobe in Ljubljana. Der Gutschein ist 6 Monate lang g\u00fcltig und der Beschenkte kann ihn zu einem beliebigen Zeitpunkt einl\u00f6sen. Preis: 55\u20ac pro Person F\u00fcllen Sie das Formular aus oder rufen Sie uns an unter 00 386 41 90 50 70. Sie k\u00f6nnen Ihren ... <a href=\"https:\/\/winetastingljubljana.com\/de\/geschenkgutschein\/\">Fortsetzung<\/a><\/p>","protected":false},"author":45,"featured_media":0,"parent":0,"menu_order":0,"comment_status":"closed","ping_status":"closed","template":"","meta":{"_acf_changed":false,"footnotes":""},"class_list":["post-57","page","type-page","status-publish","hentry"],"acf":{"page_subheading":"A perfect gift for all the wine lovers you know \u2014 This wine tasting experience in Ljubljana will remain as one of their most special memories."},"_links":{"self":[{"href":"https:\/\/winetastingljubljana.com\/de\/wp-json\/wp\/v2\/pages\/57","targetHints":{"allow":["GET"]}}],"collection":[{"href":"https:\/\/winetastingljubljana.com\/de\/wp-json\/wp\/v2\/pages"}],"about":[{"href":"https:\/\/winetastingljubljana.com\/de\/wp-json\/wp\/v2\/types\/page"}],"author":[{"embeddable":true,"href":"https:\/\/winetastingljubljana.com\/de\/wp-json\/wp\/v2\/users\/45"}],"replies":[{"embeddable":true,"href":"https:\/\/winetastingljubljana.com\/de\/wp-json\/wp\/v2\/comments?post=57"}],"version-history":[{"count":36,"href":"https:\/\/winetastingljubljana.com\/de\/wp-json\/wp\/v2\/pages\/57\/revisions"}],"predecessor-version":[{"id":883,"href":"https:\/\/winetastingljubljana.com\/de\/wp-json\/wp\/v2\/pages\/57\/revisions\/883"}],"wp:attachment":[{"href":"https:\/\/winetastingljubljana.com\/de\/wp-json\/wp\/v2\/media?parent=57"}],"curies":[{"name":"wp","href":"https:\/\/api.w.org\/{rel}","templated":true}]}}