{"id":45,"date":"2022-07-22T09:27:01","date_gmt":"2022-07-22T09:27:01","guid":{"rendered":"https:\/\/winetastingljubljana.com\/?page_id=45"},"modified":"2023-03-21T16:51:32","modified_gmt":"2023-03-21T16:51:32","slug":"a-propos-de-nous","status":"publish","type":"page","link":"https:\/\/winetastingljubljana.com\/fr\/a-propos-de-nous\/","title":{"rendered":"A propos de nous"},"content":{"rendered":"<h2 class=\"wp-block-heading\">Rencontrer l'\u00e9quipe<\/h2>\n\n\n\n<p>L'\u00e9quipe derri\u00e8re les d\u00e9gustations et les aventures du vin ! Nous sommes tous li\u00e9s par notre amour du vin et faisons toujours de notre mieux pour vous offrir le meilleur de notre petit monde viticole slov\u00e8ne - bien que petit par la taille, vous en go\u00fbterez la grandeur dans chaque verre de vin ! \ud83d\ude42 ...<\/p>","protected":false},"excerpt":{"rendered":"<p>Rencontrez l'\u00e9quipe L'\u00e9quipe qui se cache derri\u00e8re les d\u00e9gustations de vin et les aventures vinicoles ! Nous sommes tous li\u00e9s par notre amour du vin et nous faisons toujours de notre mieux pour vous offrir le meilleur de notre petit monde viticole slov\u00e8ne - bien que petit par la taille, vous en go\u00fbterez la grandeur dans chaque verre de ... <a href=\"https:\/\/winetastingljubljana.com\/fr\/a-propos-de-nous\/\">Suite<\/a><\/p>","protected":false},"author":45,"featured_media":780,"parent":0,"menu_order":0,"comment_status":"closed","ping_status":"closed","template":"","meta":{"_acf_changed":false,"footnotes":""},"class_list":["post-45","page","type-page","status-publish","has-post-thumbnail","hentry"],"acf":{"page_subheading":"Get to know the team behind Wine Tasting Ljubljana and meet the people who are making your wine experience in the capital of Slovenia unforgettable."},"_links":{"self":[{"href":"https:\/\/winetastingljubljana.com\/fr\/wp-json\/wp\/v2\/pages\/45","targetHints":{"allow":["GET"]}}],"collection":[{"href":"https:\/\/winetastingljubljana.com\/fr\/wp-json\/wp\/v2\/pages"}],"about":[{"href":"https:\/\/winetastingljubljana.com\/fr\/wp-json\/wp\/v2\/types\/page"}],"author":[{"embeddable":true,"href":"https:\/\/winetastingljubljana.com\/fr\/wp-json\/wp\/v2\/users\/45"}],"replies":[{"embeddable":true,"href":"https:\/\/winetastingljubljana.com\/fr\/wp-json\/wp\/v2\/comments?post=45"}],"version-history":[{"count":14,"href":"https:\/\/winetastingljubljana.com\/fr\/wp-json\/wp\/v2\/pages\/45\/revisions"}],"predecessor-version":[{"id":826,"href":"https:\/\/winetastingljubljana.com\/fr\/wp-json\/wp\/v2\/pages\/45\/revisions\/826"}],"wp:featuredmedia":[{"embeddable":true,"href":"https:\/\/winetastingljubljana.com\/fr\/wp-json\/wp\/v2\/media\/780"}],"wp:attachment":[{"href":"https:\/\/winetastingljubljana.com\/fr\/wp-json\/wp\/v2\/media?parent=45"}],"curies":[{"name":"wp","href":"https:\/\/api.w.org\/{rel}","templated":true}]}}