{"id":57,"date":"2022-07-22T09:34:46","date_gmt":"2022-07-22T09:34:46","guid":{"rendered":"https:\/\/winetastingljubljana.com\/?page_id=57"},"modified":"2023-09-27T08:55:47","modified_gmt":"2023-09-27T08:55:47","slug":"cheque-cadeau","status":"publish","type":"page","link":"https:\/\/winetastingljubljana.com\/fr\/cheque-cadeau\/","title":{"rendered":"Ch\u00e8que-cadeau"},"content":{"rendered":"<p>Faites une surprise \u00e0 un amateur de vin en lui offrant une d\u00e9gustation de vin \u00e0 Ljubljana.<\/p>\n\n\n\n<p>Le bon est valable 6 mois et le b\u00e9n\u00e9ficiaire peut d\u00e9cider de l'utiliser \u00e0 n'importe quelle date disponible.<\/p>\n\n\n\n<p><strong>Prix : 55\u20ac par personne<\/strong><\/p>\n\n\n\n<p><strong>Remplissez le formulaire ou appelez-nous au 00 386 41 90 50 70. Vous pouvez recevoir votre bon d'achat imm\u00e9diatement apr\u00e8s votre achat.<\/strong><\/p>\n\n\n\n<p>Nous pouvons vous envoyer un ch\u00e8que-cadeau par courrier, sur votre e-mail pour que vous puissiez l'imprimer vous-m\u00eame ou vous pouvez le retirer personnellement \u00e0 notre bureau dans le centre ville de Ljubljana.<\/p>\n\n\n\n<p>*Si vous choisissez le paiement par carte de cr\u00e9dit, nous vous enverrons un lien de paiement s\u00e9par\u00e9ment.<\/p>","protected":false},"excerpt":{"rendered":"<p>Surprenez un amateur de vin en lui offrant une d\u00e9gustation de vin \u00e0 Ljubljana. Le bon est valable 6 mois et le b\u00e9n\u00e9ficiaire peut d\u00e9cider de l'utiliser \u00e0 n'importe quelle date disponible. Prix : 55\u20ac par personne Remplissez le formulaire ou appelez-nous au 00 386 41 90 50 70. Vous pouvez recevoir votre ... <a href=\"https:\/\/winetastingljubljana.com\/fr\/cheque-cadeau\/\">Suite<\/a><\/p>","protected":false},"author":45,"featured_media":0,"parent":0,"menu_order":0,"comment_status":"closed","ping_status":"closed","template":"","meta":{"_acf_changed":false,"footnotes":""},"class_list":["post-57","page","type-page","status-publish","hentry"],"acf":{"page_subheading":"A perfect gift for all the wine lovers you know \u2014 This wine tasting experience in Ljubljana will remain as one of their most special memories."},"_links":{"self":[{"href":"https:\/\/winetastingljubljana.com\/fr\/wp-json\/wp\/v2\/pages\/57","targetHints":{"allow":["GET"]}}],"collection":[{"href":"https:\/\/winetastingljubljana.com\/fr\/wp-json\/wp\/v2\/pages"}],"about":[{"href":"https:\/\/winetastingljubljana.com\/fr\/wp-json\/wp\/v2\/types\/page"}],"author":[{"embeddable":true,"href":"https:\/\/winetastingljubljana.com\/fr\/wp-json\/wp\/v2\/users\/45"}],"replies":[{"embeddable":true,"href":"https:\/\/winetastingljubljana.com\/fr\/wp-json\/wp\/v2\/comments?post=57"}],"version-history":[{"count":36,"href":"https:\/\/winetastingljubljana.com\/fr\/wp-json\/wp\/v2\/pages\/57\/revisions"}],"predecessor-version":[{"id":883,"href":"https:\/\/winetastingljubljana.com\/fr\/wp-json\/wp\/v2\/pages\/57\/revisions\/883"}],"wp:attachment":[{"href":"https:\/\/winetastingljubljana.com\/fr\/wp-json\/wp\/v2\/media?parent=57"}],"curies":[{"name":"wp","href":"https:\/\/api.w.org\/{rel}","templated":true}]}}