{"id":292,"date":"2022-07-25T07:27:05","date_gmt":"2022-07-25T07:27:05","guid":{"rendered":"https:\/\/winetastingljubljana.com\/?page_id=292"},"modified":"2022-08-08T14:09:14","modified_gmt":"2022-08-08T14:09:14","slug":"enake-moznosti","status":"publish","type":"page","link":"https:\/\/winetastingljubljana.com\/sl\/enake-moznosti\/","title":{"rendered":"Enake mo\u017enosti"},"content":{"rendered":"<p>V na\u0161em majhnem podjetju so vsi ljudje obravnavani enako ali podobno in niso prikraj\u0161ani zaradi predsodkov ali pristranskosti. Zaposlujemo ljudi razli\u010dnega porekla, vere, spola in spolne usmerjenosti. To pomeni, da je najbolj\u0161a oseba za delovno mesto ali napredovanje tista, ki si to mesto zaslu\u017ei na podlagi kvalifikacij, izku\u0161enj in znanja. Na\u0161a raznolikost na delovnem mestu ceni razlike med vsemi.<\/p>","protected":false},"excerpt":{"rendered":"<p>V na\u0161em majhnem podjetju so vsi ljudje obravnavani enako ali podobno in niso prikraj\u0161ani zaradi predsodkov ali pristranskosti. Zaposlujemo ljudi razli\u010dnega porekla, vere, spola in spolne usmerjenosti. To pomeni, da je najbolj\u0161a oseba za delovno mesto ali napredovanje tista, ki si to mesto zaslu\u017ei na podlagi kvalifikacij, izku\u0161enj in znanja. Na\u0161e ... <a href=\"https:\/\/winetastingljubljana.com\/sl\/enake-moznosti\/\">Nadaljevanje<\/a><\/p>","protected":false},"author":45,"featured_media":0,"parent":0,"menu_order":0,"comment_status":"closed","ping_status":"closed","template":"","meta":{"_acf_changed":false,"footnotes":""},"class_list":["post-292","page","type-page","status-publish","hentry"],"acf":{"page_subheading":"Equality of opportunity is one of our primary values \u2014 find out how does it affect our practices."},"_links":{"self":[{"href":"https:\/\/winetastingljubljana.com\/sl\/wp-json\/wp\/v2\/pages\/292","targetHints":{"allow":["GET"]}}],"collection":[{"href":"https:\/\/winetastingljubljana.com\/sl\/wp-json\/wp\/v2\/pages"}],"about":[{"href":"https:\/\/winetastingljubljana.com\/sl\/wp-json\/wp\/v2\/types\/page"}],"author":[{"embeddable":true,"href":"https:\/\/winetastingljubljana.com\/sl\/wp-json\/wp\/v2\/users\/45"}],"replies":[{"embeddable":true,"href":"https:\/\/winetastingljubljana.com\/sl\/wp-json\/wp\/v2\/comments?post=292"}],"version-history":[{"count":3,"href":"https:\/\/winetastingljubljana.com\/sl\/wp-json\/wp\/v2\/pages\/292\/revisions"}],"predecessor-version":[{"id":372,"href":"https:\/\/winetastingljubljana.com\/sl\/wp-json\/wp\/v2\/pages\/292\/revisions\/372"}],"wp:attachment":[{"href":"https:\/\/winetastingljubljana.com\/sl\/wp-json\/wp\/v2\/media?parent=292"}],"curies":[{"name":"wp","href":"https:\/\/api.w.org\/{rel}","templated":true}]}}