{"id":45,"date":"2022-07-22T09:27:01","date_gmt":"2022-07-22T09:27:01","guid":{"rendered":"https:\/\/winetastingljubljana.com\/?page_id=45"},"modified":"2023-03-21T16:51:32","modified_gmt":"2023-03-21T16:51:32","slug":"o-nas","status":"publish","type":"page","link":"https:\/\/winetastingljubljana.com\/sl\/o-nas\/","title":{"rendered":"O nas"},"content":{"rendered":"<h2 class=\"wp-block-heading\">Spoznajte ekipo<\/h2>\n\n\n\n<p>Ekipa, ki stoji za degustacijami in vinskimi dogodiv\u0161\u010dinami! Vse nas povezuje ljubezen do vina in vedno se trudimo, da vam ponudimo najbolj\u0161e iz na\u0161ega malega slovenskega vinskega sveta - \u010deprav majhen po velikosti, boste njegovo veli\u010dino okusili v vsakem kozarcu vina! \ud83d\ude42<\/p>","protected":false},"excerpt":{"rendered":"<p>Spoznajte ekipo Ekipa, ki stoji za degustacijami in vinskimi pustolov\u0161\u010dinami! Vse nas povezuje ljubezen do vina in vedno se trudimo, da vam ponudimo najbolj\u0161e iz na\u0161ega malega slovenskega vinskega sveta - \u010deprav majhen po velikosti, boste njegovo veli\u010dino okusili v vsakem kozarcu ... <a href=\"https:\/\/winetastingljubljana.com\/sl\/o-nas\/\">Nadaljevanje<\/a><\/p>","protected":false},"author":45,"featured_media":780,"parent":0,"menu_order":0,"comment_status":"closed","ping_status":"closed","template":"","meta":{"_acf_changed":false,"footnotes":""},"class_list":["post-45","page","type-page","status-publish","has-post-thumbnail","hentry"],"acf":{"page_subheading":"Get to know the team behind Wine Tasting Ljubljana and meet the people who are making your wine experience in the capital of Slovenia unforgettable."},"_links":{"self":[{"href":"https:\/\/winetastingljubljana.com\/sl\/wp-json\/wp\/v2\/pages\/45","targetHints":{"allow":["GET"]}}],"collection":[{"href":"https:\/\/winetastingljubljana.com\/sl\/wp-json\/wp\/v2\/pages"}],"about":[{"href":"https:\/\/winetastingljubljana.com\/sl\/wp-json\/wp\/v2\/types\/page"}],"author":[{"embeddable":true,"href":"https:\/\/winetastingljubljana.com\/sl\/wp-json\/wp\/v2\/users\/45"}],"replies":[{"embeddable":true,"href":"https:\/\/winetastingljubljana.com\/sl\/wp-json\/wp\/v2\/comments?post=45"}],"version-history":[{"count":14,"href":"https:\/\/winetastingljubljana.com\/sl\/wp-json\/wp\/v2\/pages\/45\/revisions"}],"predecessor-version":[{"id":826,"href":"https:\/\/winetastingljubljana.com\/sl\/wp-json\/wp\/v2\/pages\/45\/revisions\/826"}],"wp:featuredmedia":[{"embeddable":true,"href":"https:\/\/winetastingljubljana.com\/sl\/wp-json\/wp\/v2\/media\/780"}],"wp:attachment":[{"href":"https:\/\/winetastingljubljana.com\/sl\/wp-json\/wp\/v2\/media?parent=45"}],"curies":[{"name":"wp","href":"https:\/\/api.w.org\/{rel}","templated":true}]}}