{"id":57,"date":"2022-07-22T09:34:46","date_gmt":"2022-07-22T09:34:46","guid":{"rendered":"https:\/\/winetastingljubljana.com\/?page_id=57"},"modified":"2023-09-27T08:55:47","modified_gmt":"2023-09-27T08:55:47","slug":"darilni-bon","status":"publish","type":"page","link":"https:\/\/winetastingljubljana.com\/sl\/darilni-bon\/","title":{"rendered":"Darilni bon"},"content":{"rendered":"<p>Presenetite nekoga, ki rad u\u017eiva v vinu, z darilom za degustacijo vin v Ljubljani.<\/p>\n\n\n\n<p>Kupon velja 6 mesecev, prejemnik pa se lahko odlo\u010di, da ga bo uporabil na katerikoli razpolo\u017eljivi datum.<\/p>\n\n\n\n<p><strong>Cena: 55 \u20ac na osebo<\/strong><\/p>\n\n\n\n<p><strong>Izpolnite obrazec ali nas pokli\u010dite na 00 386 41 90 50 70. Kupon lahko prejmete takoj po nakupu.<\/strong><\/p>\n\n\n\n<p>Darilni bon vam lahko po\u0161ljemo po po\u0161ti, na va\u0161 elektronski naslov, da ga lahko natisnete sami, ali pa ga osebno prevzamete v na\u0161i pisarni v sredi\u0161\u010du Ljubljane.<\/p>\n\n\n\n<p>*\u010ce izberete pla\u010dilo s kreditno kartico, vam bomo povezavo za pla\u010dilo poslali posebej.<\/p>","protected":false},"excerpt":{"rendered":"<p>Presenetite nekoga, ki u\u017eiva v vinu, z darilom za degustacijo vin v Ljubljani. Bon velja 6 mesecev, obdarovanec pa se lahko odlo\u010di, da ga bo uporabil na katerikoli razpolo\u017eljivi datum. Cena: 55 \u20ac na osebo Izpolnite obrazec ali nas pokli\u010dite na 00 386 41 90 50 70. Svoj kupon lahko prejmete na va\u0161 elektronski naslov, ... <a href=\"https:\/\/winetastingljubljana.com\/sl\/darilni-bon\/\">Nadaljevanje<\/a><\/p>","protected":false},"author":45,"featured_media":0,"parent":0,"menu_order":0,"comment_status":"closed","ping_status":"closed","template":"","meta":{"_acf_changed":false,"footnotes":""},"class_list":["post-57","page","type-page","status-publish","hentry"],"acf":{"page_subheading":"A perfect gift for all the wine lovers you know \u2014 This wine tasting experience in Ljubljana will remain as one of their most special memories."},"_links":{"self":[{"href":"https:\/\/winetastingljubljana.com\/sl\/wp-json\/wp\/v2\/pages\/57","targetHints":{"allow":["GET"]}}],"collection":[{"href":"https:\/\/winetastingljubljana.com\/sl\/wp-json\/wp\/v2\/pages"}],"about":[{"href":"https:\/\/winetastingljubljana.com\/sl\/wp-json\/wp\/v2\/types\/page"}],"author":[{"embeddable":true,"href":"https:\/\/winetastingljubljana.com\/sl\/wp-json\/wp\/v2\/users\/45"}],"replies":[{"embeddable":true,"href":"https:\/\/winetastingljubljana.com\/sl\/wp-json\/wp\/v2\/comments?post=57"}],"version-history":[{"count":36,"href":"https:\/\/winetastingljubljana.com\/sl\/wp-json\/wp\/v2\/pages\/57\/revisions"}],"predecessor-version":[{"id":883,"href":"https:\/\/winetastingljubljana.com\/sl\/wp-json\/wp\/v2\/pages\/57\/revisions\/883"}],"wp:attachment":[{"href":"https:\/\/winetastingljubljana.com\/sl\/wp-json\/wp\/v2\/media?parent=57"}],"curies":[{"name":"wp","href":"https:\/\/api.w.org\/{rel}","templated":true}]}}